{"id":1840,"date":"2019-04-22T19:14:12","date_gmt":"2019-04-22T17:14:12","guid":{"rendered":"https:\/\/forum-sprachen-lernen.com\/?page_id=1840"},"modified":"2019-07-07T20:32:36","modified_gmt":"2019-07-07T18:32:36","slug":"la-methode-l-r","status":"publish","type":"page","link":"https:\/\/forum-sprachen-lernen.com\/fr\/la-methode-l-r\/","title":{"rendered":"La M\u00e9thode L-R"},"content":{"rendered":"<h1 class=\"size_h2\">La M\u00e9thode L-R<\/h1>\n<p>Comme mentionn\u00e9 dans <a href=\"https:\/\/forum-sprachen-lernen.com\/fr\/les-livres-bilingues\/\">\u00e0 propos<\/a>, il suffit d&rsquo;un texte int\u00e9ressant, d&rsquo;une traduction appropri\u00e9e et facile \u00e0 trouver et, id\u00e9alement, d&rsquo;un livre audio pour apprendre une langue. <\/p>\n<h2 class=\"size_h4\">Quelques personnes qui utilisent cette m\u00e9thode<\/h2>\n<p><b>Kat\u00f3 Lomp<\/b>, traductrice et interpr\u00e8te hongroise parlant couramment 16 langues, a d\u00e9crit dans son livre  <a href=\"http:\/\/www.tesl-ej.org\/books\/lomb-2nd-Ed.pdf\">\u00ab How I learn languages \u00bb<\/a> comment elle a rapidement \u00e9largi son vocabulaire en ne lisant que des textes en langues \u00e9trang\u00e8res. Elle n&rsquo;a m\u00eame pas utilis\u00e9 d&rsquo;\u00e9ditions bilingues, mais a traduit les mots inconnus au moyen d&rsquo;un dictionnaire.<br \/>\n<b>Phi-Staszek<\/b>, un Polonais multilingue, a am\u00e9lior\u00e9 cette m\u00e9thode et d\u00e9crit dans le forum  <a href=\"http:\/\/how-to-learn-any-language.com\/forum\/forum_posts.asp?TID=6366\">\u00ab Comment apprendre n&rsquo;importe quelle langue \u00bb<\/a>, comment apprendre une langue \u00e9trang\u00e8re tr\u00e8s rapidement gr\u00e2ce \u00e0 un texte et un enregistrement audio bilingues. Il a appel\u00e9 cette m\u00e9thode la <b>m\u00e9thode L-R<\/b>. L-R signifie Listening-Reading, \u00e9couter et lire en fran\u00e7ais.<br \/>\nLe linguiste am\u00e9ricain <a href=\"https:\/\/en.wikipedia.org\/wiki\/Stephen_Krashen\">Stephen Krashen<\/a> d\u00e9crit la <b>lecture extensive comme le moyen le plus efficace dans l\u2019acquisition des langues<\/b> et a publi\u00e9 de nombreux articles sur ce sujet. La lecture extensive signifie de nombreuses lectures dans une langue \u00e9trang\u00e8re. Le but n&rsquo;est pas de comprendre chaque mot, mais de suivre l&rsquo;action et de d\u00e9couvrir ce qui se passe ensuite. Le plaisir de lire est au premier plan.<br \/>\n<a href=\"https:\/\/oupeltglobalblog.com\/2017\/01\/11\/extensive-reading-and-language-learning\/\">L\u2019Oxford University Press ELT<\/a> a \u00e9galement publi\u00e9 un article sur le sujet, d\u00e9montrant que les \u00e9tudiants EFL qui lisent beaucoup apprennent non seulement \u00e0 lire couramment dans une langue \u00e9trang\u00e8re, mais aussi \u00e0 am\u00e9liorer leurs aptitudes \u00e0 l&rsquo;\u00e9criture. Selon l&rsquo;\u00e9tude, la lecture extensive a \u00e9galement permis d&rsquo;am\u00e9liorer la compr\u00e9hension \u00e0 l&rsquo;audition et d\u2019avoir un meilleur vocabulaire actif, c&rsquo;est-\u00e0-dire une <b>meilleure expression orale<\/b> dans la langue \u00e9trang\u00e8re.<br \/>\nDe bonnes raisons donc d&rsquo;adopter <b>la lecture extensive et la m\u00e9thode L-R<\/b> !<\/p>\n<h2 class=\"size_h4\">Proc\u00e9dure pratique de la m\u00e9thode L-R <\/h2>\n<p>Si vous disposez d\u2019un livre audio, une lecture extensive selon la m\u00e9thode L-R peut \u00eatre utilis\u00e9e encore plus efficacement dans l&rsquo;apprentissage d&rsquo;une langue \u00e9trang\u00e8re. Voici la proc\u00e9dure pour apprendre beaucoup en un minimum de temps :<\/p>\n<ol>\n<li><strong>Tout d&rsquo;abord, lisez la traduction<\/strong> pour vous familiariser avec le contenu du texte. Selon vos connaissances pr\u00e9alables, il peut s&rsquo;agir dans ce cas d&rsquo;une page ou peut-\u00eatre de plusieurs pages \u00e0 lire. <\/li>\n<li><b>Ensuite, \u00e9coutez le texte et lisez le en anglais en m\u00eame temps.<\/b> Essayez de comprendre et de lire chaque mot simultan\u00e9ment. Si vous pouvez tout comprendre et lire en \u00e9coutant le texte enregistr\u00e9, vous pouvez passer au point 3. <\/li>\n<li><b>Puis, \u00e9coutez sans lire.<\/b> Vous pouvez m\u00eame fermer les yeux. Pouvez-vous encore tout comprendre ? Si c&rsquo;est le cas, vous pouvez passer au point 4. Si ce n&rsquo;est pas le cas, arr\u00eatez-vous bri\u00e8vement aux endroits que vous ne comprenez pas encore et identifiez le mot inconnu. <\/li>\n<li>Maintenant que vous <b>comprenez le texte sans le voir \u00e9crit<\/b>, vous pouvez <b>passer \u00e0 l&rsquo;\u00e9coute passive<\/b>. Prenez le texte et \u00e9coutez-le encore et encore. Programmez votre lecteur MP3 pour qu&rsquo;il soit  \u00ab en continu &#8211; sur r\u00e9p\u00e9ter \u00bb. \u00c7a ne fait pas de tort d&rsquo;\u00e9couter toute l&rsquo;histoire encore et encore. Vous vous serez alors pr\u00e9par\u00e9 aux sections suivantes et vous serez plus rapide aux points 1 \u00e0 3 -3. Vous remarquerez bient\u00f4t que vous connaissez de nombreuses phrases du texte par c\u0153ur. <\/li>\n<\/ol>\n<h2 class=\"size_h4\">Pourquoi cette m\u00e9thode fonctionne-t-elle ? <\/h2>\n<h5>La disposition du texte <\/h5>\n<p>La transposition des traductions phrase par phrase de la langue \u00e9trang\u00e8re permet de saisir tr\u00e8s rapidement la signification de mots inconnus.<\/p>\n<h5>Le volume du texte<\/h5>\n<p>Gr\u00e2ce \u00e0 la lecture extensive, vous apprendrez un grand nombre de mots anglais, de constructions de phrases et, indirectement, la grammaire.<br \/>\nPar exemple, supposons que vous divisez le livre  \u00ab La Ligue des rouquins \u00bb en 30 sections. (Une section correspond environ \u00e0 1,5 page ou 2 minutes du livre audio.) Le rep\u00e9rage actif d&rsquo;une section, c&rsquo;est-\u00e0-dire le temps que vous passez r\u00e9ellement \u00e0 travailler sur le texte \u00e0 l&rsquo;aide du livre et du livre audio (points 1 \u00e0 3 de la m\u00e9thode L-R), ne durera, en fonction de vos connaissances pr\u00e9alables, pas plus de 20 minutes. (Si vous avez peu de connaissances pr\u00e9alables, vous aurez peut-\u00eatre besoin d&rsquo;un peu plus de temps.)<br \/>\nEn travaillant 20 minutes par jour, vous aurez acquis le vocabulaire complet de l&rsquo;histoire de Sherlock Holmes apr\u00e8s 30 jours, soit environ 1800 mots diff\u00e9rents ! Vous ne pouvez apprendre \u00e0 lire qu&rsquo;en lisant, et cela s&rsquo;applique \u00e9galement \u00e0 la lecture d&rsquo;une langue \u00e9trang\u00e8re. Le livre audio am\u00e9liore \u00e9galement la compr\u00e9hension et la prononciation.<\/p>\n","protected":false},"excerpt":{"rendered":"<p>La M\u00e9thode L-R Comme mentionn\u00e9 dans \u00e0 propos, il suffit d&rsquo;un texte int\u00e9ressant, d&rsquo;une traduction appropri\u00e9e et facile \u00e0 trouver et, id\u00e9alement, d&rsquo;un livre audio pour apprendre une langue. Quelques personnes qui utilisent cette m\u00e9thode Kat\u00f3 Lomp, traductrice et interpr\u00e8te hongroise parlant couramment 16 langues, a d\u00e9crit dans son livre \u00ab How I learn languages [&hellip;]<\/p>\n","protected":false},"author":1,"featured_media":0,"parent":0,"menu_order":0,"comment_status":"closed","ping_status":"closed","template":"","meta":{"_genesis_hide_title":false,"_genesis_hide_breadcrumbs":false,"_genesis_hide_singular_image":false,"_genesis_hide_footer_widgets":false,"_genesis_custom_body_class":"","_genesis_custom_post_class":"","_genesis_layout":"sidebar-content-sidebar","footnotes":""},"class_list":{"0":"post-1840","1":"page","2":"type-page","3":"status-publish","5":"entry"},"yoast_head":"<!-- This site is optimized with the Yoast SEO plugin v23.3 - https:\/\/yoast.com\/wordpress\/plugins\/seo\/ -->\n<title>La M\u00e9thode L-R - Forum-Sprachen-Lernen<\/title>\n<meta name=\"description\" content=\"Apprenez des langues efficaces avec des livres et de l&#039;audio bilingues, comment \u00e7a marche? Quelle est la m\u00e9thode L-R et comment l\u2019utilisez-vous?\" \/>\n<meta name=\"robots\" content=\"index, follow, max-snippet:-1, max-image-preview:large, max-video-preview:-1\" \/>\n<link rel=\"canonical\" href=\"https:\/\/forum-sprachen-lernen.com\/fr\/la-methode-l-r\/\" \/>\n<meta property=\"og:locale\" content=\"fr_FR\" \/>\n<meta property=\"og:type\" content=\"article\" \/>\n<meta property=\"og:title\" content=\"La M\u00e9thode L-R - Forum-Sprachen-Lernen\" \/>\n<meta property=\"og:description\" content=\"Apprenez des langues efficaces avec des livres et de l&#039;audio bilingues, comment \u00e7a marche? Quelle est la m\u00e9thode L-R et comment l\u2019utilisez-vous?\" \/>\n<meta property=\"og:url\" content=\"https:\/\/forum-sprachen-lernen.com\/fr\/la-methode-l-r\/\" \/>\n<meta property=\"og:site_name\" content=\"Forum-Sprachen-Lernen\" \/>\n<meta property=\"article:modified_time\" content=\"2019-07-07T18:32:36+00:00\" \/>\n<meta name=\"twitter:card\" content=\"summary_large_image\" \/>\n<meta name=\"twitter:label1\" content=\"Dur\u00e9e de lecture estim\u00e9e\" \/>\n\t<meta name=\"twitter:data1\" content=\"4 minutes\" \/>\n<script type=\"application\/ld+json\" class=\"yoast-schema-graph\">{\"@context\":\"https:\/\/schema.org\",\"@graph\":[{\"@type\":\"WebPage\",\"@id\":\"https:\/\/forum-sprachen-lernen.com\/fr\/la-methode-l-r\/\",\"url\":\"https:\/\/forum-sprachen-lernen.com\/fr\/la-methode-l-r\/\",\"name\":\"La M\u00e9thode L-R - Forum-Sprachen-Lernen\",\"isPartOf\":{\"@id\":\"https:\/\/forum-sprachen-lernen.com\/fr\/#website\"},\"datePublished\":\"2019-04-22T17:14:12+00:00\",\"dateModified\":\"2019-07-07T18:32:36+00:00\",\"description\":\"Apprenez des langues efficaces avec des livres et de l'audio bilingues, comment \u00e7a marche? Quelle est la m\u00e9thode L-R et comment l\u2019utilisez-vous?\",\"breadcrumb\":{\"@id\":\"https:\/\/forum-sprachen-lernen.com\/fr\/la-methode-l-r\/#breadcrumb\"},\"inLanguage\":\"fr-FR\",\"potentialAction\":[{\"@type\":\"ReadAction\",\"target\":[\"https:\/\/forum-sprachen-lernen.com\/fr\/la-methode-l-r\/\"]}]},{\"@type\":\"BreadcrumbList\",\"@id\":\"https:\/\/forum-sprachen-lernen.com\/fr\/la-methode-l-r\/#breadcrumb\",\"itemListElement\":[{\"@type\":\"ListItem\",\"position\":1,\"name\":\"Home\",\"item\":\"https:\/\/forum-sprachen-lernen.com\/fr\/\"},{\"@type\":\"ListItem\",\"position\":2,\"name\":\"La M\u00e9thode L-R\"}]},{\"@type\":\"WebSite\",\"@id\":\"https:\/\/forum-sprachen-lernen.com\/fr\/#website\",\"url\":\"https:\/\/forum-sprachen-lernen.com\/fr\/\",\"name\":\"Forum-Sprachen-Lernen\",\"description\":\"\",\"potentialAction\":[{\"@type\":\"SearchAction\",\"target\":{\"@type\":\"EntryPoint\",\"urlTemplate\":\"https:\/\/forum-sprachen-lernen.com\/fr\/?s={search_term_string}\"},\"query-input\":\"required name=search_term_string\"}],\"inLanguage\":\"fr-FR\"}]}<\/script>\n<!-- \/ Yoast SEO plugin. -->","yoast_head_json":{"title":"La M\u00e9thode L-R - Forum-Sprachen-Lernen","description":"Apprenez des langues efficaces avec des livres et de l'audio bilingues, comment \u00e7a marche? Quelle est la m\u00e9thode L-R et comment l\u2019utilisez-vous?","robots":{"index":"index","follow":"follow","max-snippet":"max-snippet:-1","max-image-preview":"max-image-preview:large","max-video-preview":"max-video-preview:-1"},"canonical":"https:\/\/forum-sprachen-lernen.com\/fr\/la-methode-l-r\/","og_locale":"fr_FR","og_type":"article","og_title":"La M\u00e9thode L-R - Forum-Sprachen-Lernen","og_description":"Apprenez des langues efficaces avec des livres et de l'audio bilingues, comment \u00e7a marche? Quelle est la m\u00e9thode L-R et comment l\u2019utilisez-vous?","og_url":"https:\/\/forum-sprachen-lernen.com\/fr\/la-methode-l-r\/","og_site_name":"Forum-Sprachen-Lernen","article_modified_time":"2019-07-07T18:32:36+00:00","twitter_card":"summary_large_image","twitter_misc":{"Dur\u00e9e de lecture estim\u00e9e":"4 minutes"},"schema":{"@context":"https:\/\/schema.org","@graph":[{"@type":"WebPage","@id":"https:\/\/forum-sprachen-lernen.com\/fr\/la-methode-l-r\/","url":"https:\/\/forum-sprachen-lernen.com\/fr\/la-methode-l-r\/","name":"La M\u00e9thode L-R - Forum-Sprachen-Lernen","isPartOf":{"@id":"https:\/\/forum-sprachen-lernen.com\/fr\/#website"},"datePublished":"2019-04-22T17:14:12+00:00","dateModified":"2019-07-07T18:32:36+00:00","description":"Apprenez des langues efficaces avec des livres et de l'audio bilingues, comment \u00e7a marche? Quelle est la m\u00e9thode L-R et comment l\u2019utilisez-vous?","breadcrumb":{"@id":"https:\/\/forum-sprachen-lernen.com\/fr\/la-methode-l-r\/#breadcrumb"},"inLanguage":"fr-FR","potentialAction":[{"@type":"ReadAction","target":["https:\/\/forum-sprachen-lernen.com\/fr\/la-methode-l-r\/"]}]},{"@type":"BreadcrumbList","@id":"https:\/\/forum-sprachen-lernen.com\/fr\/la-methode-l-r\/#breadcrumb","itemListElement":[{"@type":"ListItem","position":1,"name":"Home","item":"https:\/\/forum-sprachen-lernen.com\/fr\/"},{"@type":"ListItem","position":2,"name":"La M\u00e9thode L-R"}]},{"@type":"WebSite","@id":"https:\/\/forum-sprachen-lernen.com\/fr\/#website","url":"https:\/\/forum-sprachen-lernen.com\/fr\/","name":"Forum-Sprachen-Lernen","description":"","potentialAction":[{"@type":"SearchAction","target":{"@type":"EntryPoint","urlTemplate":"https:\/\/forum-sprachen-lernen.com\/fr\/?s={search_term_string}"},"query-input":"required name=search_term_string"}],"inLanguage":"fr-FR"}]}},"_links":{"self":[{"href":"https:\/\/forum-sprachen-lernen.com\/fr\/wp-json\/wp\/v2\/pages\/1840"}],"collection":[{"href":"https:\/\/forum-sprachen-lernen.com\/fr\/wp-json\/wp\/v2\/pages"}],"about":[{"href":"https:\/\/forum-sprachen-lernen.com\/fr\/wp-json\/wp\/v2\/types\/page"}],"author":[{"embeddable":true,"href":"https:\/\/forum-sprachen-lernen.com\/fr\/wp-json\/wp\/v2\/users\/1"}],"replies":[{"embeddable":true,"href":"https:\/\/forum-sprachen-lernen.com\/fr\/wp-json\/wp\/v2\/comments?post=1840"}],"version-history":[{"count":3,"href":"https:\/\/forum-sprachen-lernen.com\/fr\/wp-json\/wp\/v2\/pages\/1840\/revisions"}],"predecessor-version":[{"id":2069,"href":"https:\/\/forum-sprachen-lernen.com\/fr\/wp-json\/wp\/v2\/pages\/1840\/revisions\/2069"}],"wp:attachment":[{"href":"https:\/\/forum-sprachen-lernen.com\/fr\/wp-json\/wp\/v2\/media?parent=1840"}],"curies":[{"name":"wp","href":"https:\/\/api.w.org\/{rel}","templated":true}]}}